{"id":268,"date":"2018-04-19T11:42:23","date_gmt":"2018-04-19T11:42:23","guid":{"rendered":"https:\/\/plethorathemes.com\/hotel-xenia\/city-hotel\/?page_id=268"},"modified":"2024-03-12T21:14:14","modified_gmt":"2024-03-12T21:14:14","slug":"events-2","status":"publish","type":"page","link":"https:\/\/www.leba-pokoje.eu\/index.php\/events-2\/","title":{"rendered":"Cennik"},"content":{"rendered":"<div class=\"wpb-content-wrapper\"><p>[vc_row full_width=&#8221;stretch_row&#8221; color_set=&#8221;light_section&#8221; row_padding_bottom=&#8221;padding_bottom_none&#8221;][vc_column width=&#8221;5\/6&#8243; offset=&#8221;vc_col-md-offset-2 vc_col-md-8 vc_col-sm-offset-1&#8243;]<div class=\"heading_group_sc wpb_content_element subtitle_bottom   vc_custom_1690358288862  text-center\">\r\n\r\n\r\n    <h3>CENNIK<\/h3>\n\r\n\r\n        <span class=\"subtitle\"><\/span>\r\n\r\n        <div class=\"svg_divider\"><img decoding=\"async\" src=\"https:\/\/www.leba-pokoje.eu\/wp-content\/themes\/hotel-xenia\/templates\/shortcodes\/divider.png\"><\/div>\r\n<\/div>[vc_column_text css=&#8221;.vc_custom_1690358455641{margin-top: 0px !important;}&#8221;]<\/p>\n<h4 style=\"text-align: center;\">Ceny, zale\u017cnie od okresu, wielko\u015bci pokoju i d\u0142ugo\u015bci pobytu w granicach 40 PLN &#8211; 70PLN od osoby za jeden nocleg.<\/h4>\n<p style=\"text-align: center;\"><strong>Wi\u0119cej informacji pod numerami telefon\u00f3w:<\/strong>(o-prefix-59) 8661068, (0-600) 571585<\/p>\n<p>&nbsp;<\/p>\n<p style=\"text-align: center;\"><strong>Warunki rezerwacji i p\u0142atno\u015bci:<\/strong><\/p>\n<p style=\"text-align: center;\">Rezerwacji miejsc prosimy dokonywa\u0107 telefonicznie pod numerami telefon\u00f3w : (0-prefix-59) 8661068 lub (0-600) 751785.<br \/>\nb\u0105d\u017a\u00a0 mailowo na adres:<a href=\"mailto:elwiraperczynska@wp.pl\">elwiraperczynska@wp.pl<\/a><\/p>\n<p style=\"text-align: center;\">Potwierdzeniem rezerwacji jest przes\u0142anie zadatku w wysoko\u015bci 30% przekazem pocztowym na adres domowy:<\/p>\n<p style=\"text-align: center;\"><strong>Elwira Pawe\u0142 Perczy\u0144scy<\/strong><\/p>\n<p style=\"text-align: center;\"><strong>Now\u0119cin, ul. \u0141ebska 82<\/strong><\/p>\n<p style=\"text-align: center;\"><strong>84-360 \u0141eba,<\/strong><\/p>\n<p style=\"text-align: center;\">lub przelewem bankowym na konto:<\/p>\n<p style=\"text-align: center;\"><strong>Perczy\u0144ski <\/strong><strong>03 1020 4649 0000 7402 0041 0696 <\/strong><strong>PKO BP SA oddz. S\u0142upsk.<\/strong><\/p>\n<p>&nbsp;<\/p>\n<h4 style=\"text-align: center;\"><strong>W tytule prosimy napisa<\/strong>\u0107<strong>\u00a0<\/strong><strong>dat\u0119 pobytu\u00a0 <\/strong><strong>oraz<\/strong><strong>\u00a0ilo\u015b\u0107 os\u00f3b przybywaj\u0105cych w podanym terminie<\/strong>.<\/h4>\n<p>&nbsp;<\/p>\n<p style=\"text-align: center;\">Wp\u0142yni\u0119cie zadatku mo\u017cemy potwierdzi\u0107 telefonicznie b\u0105d\u017a mailowo. Reszta p\u0142atno\u015bci dokonywana jest po przyje\u017adzie i zakwaterowaniu.<\/p>\n<p>[\/vc_column_text][\/vc_column][\/vc_row]<\/p>\n<\/div>","protected":false},"excerpt":{"rendered":"<p>[vc_row full_width=&#8221;stretch_row&#8221; color_set=&#8221;light_section&#8221; row_padding_bottom=&#8221;padding_bottom_none&#8221;][vc_column width=&#8221;5\/6&#8243; offset=&#8221;vc_col-md-offset-2 vc_col-md-8 vc_col-sm-offset-1&#8243;][vc_column_text css=&#8221;.vc_custom_1690358455641{margin-top: 0px !important;}&#8221;] Ceny, zale\u017cnie od okresu, wielko\u015bci pokoju i d\u0142ugo\u015bci pobytu w granicach 40 PLN &#8211; 70PLN od osoby za jeden nocleg. Wi\u0119cej informacji pod numerami telefon\u00f3w:(o-prefix-59) 8661068, (0-600) 571585 &nbsp; Warunki rezerwacji i p\u0142atno\u015bci: Rezerwacji miejsc prosimy dokonywa\u0107 telefonicznie pod numerami telefon\u00f3w : (0-prefix-59) 8661068 [&hellip;]<\/p>\n","protected":false},"author":1,"featured_media":606,"parent":0,"menu_order":0,"comment_status":"closed","ping_status":"closed","template":"","meta":{"footnotes":""},"class_list":["post-268","page","type-page","status-publish","has-post-thumbnail","hentry"],"_links":{"self":[{"href":"https:\/\/www.leba-pokoje.eu\/index.php\/wp-json\/wp\/v2\/pages\/268","targetHints":{"allow":["GET"]}}],"collection":[{"href":"https:\/\/www.leba-pokoje.eu\/index.php\/wp-json\/wp\/v2\/pages"}],"about":[{"href":"https:\/\/www.leba-pokoje.eu\/index.php\/wp-json\/wp\/v2\/types\/page"}],"author":[{"embeddable":true,"href":"https:\/\/www.leba-pokoje.eu\/index.php\/wp-json\/wp\/v2\/users\/1"}],"replies":[{"embeddable":true,"href":"https:\/\/www.leba-pokoje.eu\/index.php\/wp-json\/wp\/v2\/comments?post=268"}],"version-history":[{"count":3,"href":"https:\/\/www.leba-pokoje.eu\/index.php\/wp-json\/wp\/v2\/pages\/268\/revisions"}],"predecessor-version":[{"id":877,"href":"https:\/\/www.leba-pokoje.eu\/index.php\/wp-json\/wp\/v2\/pages\/268\/revisions\/877"}],"wp:featuredmedia":[{"embeddable":true,"href":"https:\/\/www.leba-pokoje.eu\/index.php\/wp-json\/wp\/v2\/media\/606"}],"wp:attachment":[{"href":"https:\/\/www.leba-pokoje.eu\/index.php\/wp-json\/wp\/v2\/media?parent=268"}],"curies":[{"name":"wp","href":"https:\/\/api.w.org\/{rel}","templated":true}]}}