{"id":369,"date":"2018-03-27T08:09:42","date_gmt":"2018-03-27T08:09:42","guid":{"rendered":"https:\/\/plethorathemes.com\/hotel-xenia\/city-hotel\/?page_id=8"},"modified":"2023-07-26T15:37:37","modified_gmt":"2023-07-26T15:37:37","slug":"rooms-suites","status":"publish","type":"page","link":"https:\/\/www.leba-pokoje.eu\/index.php\/rooms-suites\/","title":{"rendered":"Nasz Dom"},"content":{"rendered":"<div class=\"wpb-content-wrapper\"><p>[vc_row full_width=&#8221;stretch_row&#8221; content_placement=&#8221;middle&#8221; color_set=&#8221;white_section&#8221; row_padding_top=&#8221;padding_top_none&#8221; row_padding_bottom=&#8221;padding_bottom_none&#8221;][vc_column width=&#8221;1\/2&#8243;][vc_single_image image=&#8221;734&#8243; img_size=&#8221;698&#215;550&#8243;][\/vc_column][vc_column width=&#8221;1\/2&#8243;]<div class=\"heading_group_sc wpb_content_element subtitle_top    text-left\">\r\n\r\n        <span class=\"subtitle\">STARAMY SI\u0118, \u017bEBY PA\u0143STWO CZULI SI\u0118 JAK W DOMU<\/span>\r\n\r\n    <h4>POKOJE<\/h4>\n\r\n\r\n\r\n<\/div>[vc_column_text]Dysponujemy pokojami 2, 3, 4 i 5 osobowymi z pe\u0142nymw\u0119z\u0142em sanitarnym. Pokoje wyposa\u017cone s\u0105 w TV, czajnik, zastaw\u0119 sto\u0142ow\u0105 oraz internet WiFi. Mo\u017cna korzysta\u0107 r\u00f3wnie\u017c z wypo\u017cyczenia nieodp\u0142atnego sprz\u0119tu pla\u017cowego.[\/vc_column_text]<div class=\"plethora_button wpb_content_element   text-left \">\r\n    <a href=\"https:\/\/www.leba-pokoje.eu\/index.php\/bar-restaurant\/\" class=\" btn-link btn-default  \" title=\"Galeria\"  target=\"_blank\">\r\n\r\n        \r\n        GALERIA\r\n        \r\n\r\n    <\/a>\r\n<\/div>[\/vc_column][\/vc_row][vc_row full_width=&#8221;stretch_row&#8221; content_placement=&#8221;middle&#8221; color_set=&#8221;white_section&#8221; row_padding_top=&#8221;padding_top_none&#8221;][vc_column width=&#8221;1\/2&#8243; el_class=&#8221;col-sm-push-6&#8243;][vc_single_image image=&#8221;704&#8243; img_size=&#8221;698&#215;550&#8243;][\/vc_column][vc_column width=&#8221;1\/2&#8243; el_class=&#8221;col-sm-pull-6&#8243;]<div class=\"heading_group_sc wpb_content_element subtitle_top    text-left\">\r\n\r\n        <span class=\"subtitle\">CZYSTO I PRZYJEMNIE<\/span>\r\n\r\n    <h4>OBIEKT<\/h4>\n\r\n\r\n\r\n<\/div>[vc_column_text]Na parterze znajduje si\u0119 w pe\u0142ni wyposa\u017cona kuchnia i jadalnia dla naszych go\u015bci. Znajd\u0105 tu Pa\u0144stwo wszystko co potrzebne do przygotowania i spo\u017cycia posi\u0142k\u00f3w m.in. lod\u00f3wk\u0119, kuchni\u0119 gazow\u0105, naczynia, sztu\u0107ce, garnki, patelnie oraz ekspres do kawy . Dodatkowo na ka\u017cdym pi\u0119trze stoj\u0105 og\u00f3lnodost\u0119pne lod\u00f3wki (wsp\u00f3lne dla kilku pokoi).[\/vc_column_text]<div class=\"plethora_button wpb_content_element   text-left \">\r\n    <a href=\"https:\/\/www.leba-pokoje.eu\/index.php\/bar-restaurant\/\" class=\" btn-link btn-default  \" title=\"Galeria\"  target=\"_blank\">\r\n\r\n        \r\n        GALERIA\r\n        \r\n\r\n    <\/a>\r\n<\/div>[\/vc_column][\/vc_row][vc_row full_width=&#8221;stretch_row&#8221; content_placement=&#8221;middle&#8221; color_set=&#8221;white_section&#8221; row_padding_top=&#8221;padding_top_none&#8221; row_padding_bottom=&#8221;padding_bottom_none&#8221;][vc_column width=&#8221;1\/2&#8243;][vc_single_image image=&#8221;687&#8243; img_size=&#8221;698&#215;550&#8243;][\/vc_column][vc_column width=&#8221;1\/2&#8243;]<div class=\"heading_group_sc wpb_content_element subtitle_top    text-left\">\r\n\r\n        <span class=\"subtitle\">WYGODA I DYSKRECJA<\/span>\r\n\r\n    <h4>INFORMACJE DODATKOWE<\/h4>\n\r\n\r\n\r\n<\/div>[vc_column_text]Dwa osobne wej\u015bcia zapewniaj\u0105 Pa\u0144stwu dyskrecj\u0119. Posiadamy pomieszczenie, kt\u00f3re s\u0142u\u017cy do przechowywania rower\u00f3w naszych go\u015bci.<br \/>\nZe wzgl\u0119du na interes wszystkich go\u015bci prosimy o niepalenie w pomieszczeniach zamkni\u0119tych i niezabieranie zwierz\u0105t domowych.[\/vc_column_text]<div class=\"plethora_button wpb_content_element   text-left \">\r\n    <a href=\"https:\/\/www.leba-pokoje.eu\/index.php\/bar-restaurant\/\" class=\" btn-link btn-default  \" title=\"Galeria\"  target=\"_blank\">\r\n\r\n        \r\n        GALERIA\r\n        \r\n\r\n    <\/a>\r\n<\/div>[\/vc_column][\/vc_row][vc_row full_width=&#8221;stretch_row&#8221; color_set=&#8221;black_section&#8221; transparent_overlay=&#8221;transparent_film&#8221; css=&#8221;.vc_custom_1690357672186{background-image: url(https:\/\/www.leba-pokoje.eu\/wp-content\/uploads\/2023\/07\/Widok-z-balkonu-na-ogrod-B.jpg?id=753) !important;background-position: center !important;background-repeat: no-repeat !important;background-size: cover !important;}&#8221;][vc_column width=&#8221;5\/6&#8243; offset=&#8221;vc_col-lg-offset-3 vc_col-lg-6 vc_col-md-offset-2 vc_col-md-8 vc_col-sm-offset-1&#8243;][vc_empty_space height=&#8221;64px&#8221;]<div class=\"heading_group_sc wpb_content_element subtitle_top    text-center\">\r\n\r\n        <span class=\"subtitle\">SPOK\u00d3J I BLISKO\u015a\u0106 Z NATUR\u0104<\/span>\r\n\r\n    <h2>OGR\u00d3D<\/h2>\n\r\n\r\n\r\n<\/div>[vc_column_text]<\/p>\n<p style=\"text-align: center;\">Na otoczonym du\u017cym zielonym terenie istnieje mo\u017cliwo\u015b\u0107 zorganizowania grilla lub ogniska, znajduje si\u0119 tak\u017ce plac zabaw, wyposa\u017cony w hu\u015btawki i piaskownic\u0119 oraz ogr\u00f3d i taras z le\u017cakami, sto\u0142ami, parasolami s\u0142onecznymi. Idealny obszar w\u015br\u00f3d zieleni dla os\u00f3b ceni\u0105cych spok\u00f3j i blisko\u015b\u0107 z natur\u0105.<\/p>\n<p>[\/vc_column_text][vc_empty_space height=&#8221;64px&#8221;][\/vc_column][\/vc_row]<\/p>\n<\/div>","protected":false},"excerpt":{"rendered":"<p>[vc_row full_width=&#8221;stretch_row&#8221; content_placement=&#8221;middle&#8221; color_set=&#8221;white_section&#8221; row_padding_top=&#8221;padding_top_none&#8221; row_padding_bottom=&#8221;padding_bottom_none&#8221;][vc_column width=&#8221;1\/2&#8243;][vc_single_image image=&#8221;734&#8243; img_size=&#8221;698&#215;550&#8243;][\/vc_column][vc_column width=&#8221;1\/2&#8243;][vc_column_text]Dysponujemy pokojami 2, 3, 4 i 5 osobowymi z pe\u0142nymw\u0119z\u0142em sanitarnym. Pokoje wyposa\u017cone s\u0105 w TV, czajnik, zastaw\u0119 sto\u0142ow\u0105 oraz internet WiFi. Mo\u017cna korzysta\u0107 r\u00f3wnie\u017c z wypo\u017cyczenia nieodp\u0142atnego sprz\u0119tu pla\u017cowego.[\/vc_column_text][\/vc_column][\/vc_row][vc_row full_width=&#8221;stretch_row&#8221; content_placement=&#8221;middle&#8221; color_set=&#8221;white_section&#8221; row_padding_top=&#8221;padding_top_none&#8221;][vc_column width=&#8221;1\/2&#8243; el_class=&#8221;col-sm-push-6&#8243;][vc_single_image image=&#8221;704&#8243; img_size=&#8221;698&#215;550&#8243;][\/vc_column][vc_column width=&#8221;1\/2&#8243; el_class=&#8221;col-sm-pull-6&#8243;][vc_column_text]Na parterze znajduje si\u0119 w pe\u0142ni wyposa\u017cona [&hellip;]<\/p>\n","protected":false},"author":1,"featured_media":593,"parent":0,"menu_order":0,"comment_status":"closed","ping_status":"closed","template":"","meta":{"footnotes":""},"class_list":["post-369","page","type-page","status-publish","has-post-thumbnail","hentry"],"_links":{"self":[{"href":"https:\/\/www.leba-pokoje.eu\/index.php\/wp-json\/wp\/v2\/pages\/369","targetHints":{"allow":["GET"]}}],"collection":[{"href":"https:\/\/www.leba-pokoje.eu\/index.php\/wp-json\/wp\/v2\/pages"}],"about":[{"href":"https:\/\/www.leba-pokoje.eu\/index.php\/wp-json\/wp\/v2\/types\/page"}],"author":[{"embeddable":true,"href":"https:\/\/www.leba-pokoje.eu\/index.php\/wp-json\/wp\/v2\/users\/1"}],"replies":[{"embeddable":true,"href":"https:\/\/www.leba-pokoje.eu\/index.php\/wp-json\/wp\/v2\/comments?post=369"}],"version-history":[{"count":11,"href":"https:\/\/www.leba-pokoje.eu\/index.php\/wp-json\/wp\/v2\/pages\/369\/revisions"}],"predecessor-version":[{"id":837,"href":"https:\/\/www.leba-pokoje.eu\/index.php\/wp-json\/wp\/v2\/pages\/369\/revisions\/837"}],"wp:featuredmedia":[{"embeddable":true,"href":"https:\/\/www.leba-pokoje.eu\/index.php\/wp-json\/wp\/v2\/media\/593"}],"wp:attachment":[{"href":"https:\/\/www.leba-pokoje.eu\/index.php\/wp-json\/wp\/v2\/media?parent=369"}],"curies":[{"name":"wp","href":"https:\/\/api.w.org\/{rel}","templated":true}]}}