{"id":371,"date":"2018-03-27T08:10:37","date_gmt":"2018-03-27T08:10:37","guid":{"rendered":"https:\/\/plethorathemes.com\/hotel-xenia\/city-hotel\/?page_id=14"},"modified":"2023-07-25T14:23:23","modified_gmt":"2023-07-25T14:23:23","slug":"location","status":"publish","type":"page","link":"https:\/\/www.leba-pokoje.eu\/index.php\/location\/","title":{"rendered":"Dojazd"},"content":{"rendered":"<div class=\"wpb-content-wrapper\"><p>[vc_row full_width=&#8221;stretch_row&#8221; row_padding_bottom=&#8221;padding_bottom_none&#8221;][vc_column width=&#8221;1\/2&#8243;][vc_gmaps link=&#8221;#E-8_JTNDaWZyYW1lJTIwc3JjJTNEJTIyaHR0cHMlM0ElMkYlMkZ3d3cuZ29vZ2xlLmNvbSUyRm1hcHMlMkZlbWJlZCUzRnBiJTNEJTIxMW0xOCUyMTFtMTIlMjExbTMlMjExZDg2MzEuMDQ4NzgxNDE0NzU2JTIxMmQxNy41Nzk4MDA1ODY3MjQyMTglMjEzZDU0Ljc1MTIxMzM2NDIyNTg3JTIxMm0zJTIxMWYwJTIxMmYwJTIxM2YwJTIxM20yJTIxMWkxMDI0JTIxMmk3NjglMjE0ZjEzLjElMjEzbTMlMjExbTIlMjExczB4NDZmZTc4MjZiZTU0NGIxZiUyNTNBMHg4MzkxNWU4NzllMzEyODEyJTIxMnNQb2tvamUlMjUyMEdvJTI1QzUlMjU5QmNpbm5lJTI1MjBFbHdpcmElMjE1ZTAlMjEzbTIlMjExc2VuJTIxMnNkZSUyMTR2MTY5MDI5MzUyODQ3MiUyMTVtMiUyMTFzZW4lMjEyc2RlJTIyJTIwd2lkdGglM0QlMjI2MDAlMjIlMjBoZWlnaHQlM0QlMjI0NTAlMjIlMjBzdHlsZSUzRCUyMmJvcmRlciUzQTAlM0IlMjIlMjBhbGxvd2Z1bGxzY3JlZW4lM0QlMjIlMjIlMjBsb2FkaW5nJTNEJTIybGF6eSUyMiUyMHJlZmVycmVycG9saWN5JTNEJTIybm8tcmVmZXJyZXItd2hlbi1kb3duZ3JhZGUlMjIlM0UlM0MlMkZpZnJhbWUlM0U=&#8221; css=&#8221;.vc_custom_1690294051632{border-radius: 2px !important;}&#8221;][\/vc_column][vc_column width=&#8221;1\/2&#8243;][vc_empty_space height=&#8221;175px&#8221;][vc_column_text]Do \u0141eby mo\u017cna dojecha\u0107 w\u0142asnym \u015brodkiem transportu lub \u015brodkami komunikacji publicznej. W okresie letnim uruchamiane zostaj\u0105 dodatkowe bezpo\u015brednie po\u0142\u0105czenia autobusowe i kolejowe z wi\u0119kszo\u015bci region\u00f3w Polski. Jednak najpewniejszym i najwygodniejszym rozwi\u0105zaniem pozostaj\u0105 zawsze w\u0142asne \u201ecztery k\u00f3\u0142ka\u201d.[\/vc_column_text][\/vc_column][\/vc_row][vc_row full_width=&#8221;stretch_row&#8221; row_padding_top=&#8221;padding_top_1-3&#8243;][vc_column width=&#8221;1\/3&#8243;][\/vc_column][vc_column width=&#8221;1\/3&#8243;][\/vc_column][vc_column width=&#8221;1\/3&#8243;][\/vc_column][\/vc_row][vc_row full_width=&#8221;stretch_row&#8221; content_placement=&#8221;middle&#8221; color_set=&#8221;white_section&#8221; row_padding_top=&#8221;padding_top_none&#8221; row_padding_bottom=&#8221;padding_bottom_none&#8221;][vc_column width=&#8221;1\/2&#8243;][vc_single_image image=&#8221;609&#8243; img_size=&#8221;698&#215;550&#8243;][\/vc_column][vc_column width=&#8221;1\/2&#8243;]<div class=\"heading_group_sc wpb_content_element subtitle_top    text-left\">\r\n\r\n        <span class=\"subtitle\">PLAN I WSKAZ\u00d3WKI<\/span>\r\n\r\n    <h4>DOJAZD SAMOCHODEM<\/h4>\n\r\n\r\n\r\n<\/div>[vc_column_text]Przy wje\u017adzie do \u0141eby na pierwszym rondzie nale\u017cy skr\u0119ci\u0107 w prawo.<br \/>\nPo przejechaniu przez przejazd kolejowy , na kolejnym rondzie r\u00f3wnie\u017c<br \/>\nskr\u0119camy w prawo.<br \/>\n50 m metr\u00f3w dalej nale\u017cy min\u0105\u0107 cmentarz i jecha\u0107 dalej prosto ulic\u0105 \u0141ebsk\u0105<br \/>\n700 metr\u00f3w dalej nale\u017cy min\u0105\u0107 znak \u201eNow\u0119cin\u201d oraz kana\u0142<br \/>\nJeszcze tylko 300 metrowy odcinek i po prawej stronie nale\u017cy wypatrywa\u0107<br \/>\ncelu podr\u00f3\u017cy, domu w kolorze pistacjowym.[\/vc_column_text]<div class=\"plethora_button wpb_content_element   text-left \">\r\n    <a href=\"https:\/\/leba.eu\/pl\/dla-turysty\/informacja-turystyczna\/\" class=\" btn-link btn-default  \" title=\"\"  target=\"_blank\">\r\n\r\n        \r\n        INFORMACJA TURYSTYCZNA\r\n        \r\n\r\n    <\/a>\r\n<\/div>[\/vc_column][\/vc_row][vc_row full_width=&#8221;stretch_row&#8221; content_placement=&#8221;middle&#8221; color_set=&#8221;white_section&#8221; row_padding_top=&#8221;padding_top_none&#8221;][vc_column width=&#8221;1\/2&#8243; el_class=&#8221;col-sm-push-6&#8243;][vc_single_image image=&#8221;822&#8243; img_size=&#8221;698&#215;550&#8243;][\/vc_column][vc_column width=&#8221;1\/2&#8243; el_class=&#8221;col-sm-pull-6&#8243;]<div class=\"heading_group_sc wpb_content_element subtitle_top    text-left\">\r\n\r\n        <span class=\"subtitle\">WSKAZ\u00d3WKI<\/span>\r\n\r\n    <h4>DOJAZD POCI\u0104GIEM LUB AUTOBUSEM<\/h4>\n\r\n\r\n\r\n<\/div>[vc_column_text]Go\u015bcie przyje\u017cd\u017caj\u0105cy do \u0141eby poci\u0105gami PKP lub autobusami PKS musz\u0105<br \/>\nwysi\u0105\u015b\u0107 na stacji PKP\/PKS, oddalonej od naszego domu oko\u0142o 2,5 km. Kolejnym<br \/>\n\u015brodkiem transportu mo\u017ce by\u0107 taxi (post\u00f3j znajduje si\u0119 tu\u017c obok dworca ) lub po<br \/>\nwcze\u015bniejszym zawiadomieniu o dok\u0142adnej godzinie przybycia odbierzemy<br \/>\nPa\u0144stwa z dworca osobi\u015bcie (bezp\u0142atnie).<br \/>\nDla os\u00f3b ko\u0144cz\u0105cych podr\u00f3\u017c PKP w L\u0119borku istnieje mo\u017cliwo\u015b\u0107 skorzystania z<br \/>\nopcji rozk\u0142adu jazdy PKS b\u0105d\u017a prywatnych linii autobusowych. Dworzec PKS<br \/>\nznajduje si\u0119 100m w linii prostej od wyj\u015bcia z dworca PKP, natomiast prywatne<br \/>\nbusy ustawione s\u0105 po lewej stronie parkingu dworca PKP.[\/vc_column_text]<div class=\"plethora_button wpb_content_element   text-left \">\r\n    <a href=\"https:\/\/leba.eu\/pl\/dla-turysty\/komunikacja\/\" class=\" btn-link btn-default  \" title=\"\"  target=\"_blank\">\r\n\r\n        \r\n        KOMUNIKACJA\r\n        \r\n\r\n    <\/a>\r\n<\/div>[\/vc_column][\/vc_row][vc_row full_width=&#8221;stretch_row&#8221; color_set=&#8221;black_section&#8221; transparent_overlay=&#8221;transparent_film&#8221; css=&#8221;.vc_custom_1690294971030{background-image: url(https:\/\/www.leba-pokoje.eu\/wp-content\/uploads\/2023\/07\/AdobeStock_236004799-scaled.jpeg?id=824) !important;background-position: center !important;background-repeat: no-repeat !important;background-size: cover !important;}&#8221;][vc_column width=&#8221;2\/3&#8243; offset=&#8221;vc_col-sm-offset-2&#8243;][vc_empty_space height=&#8221;64px&#8221;]<div class=\"heading_group_sc wpb_content_element subtitle_top    text-center\">\r\n\r\n        <span class=\"subtitle\">ODBI\u00d3R PO WCZE\u015aNIEJSZYM ZG\u0141OSZENIU<\/span>\r\n\r\n    <h2>MO\u017bEMY ODEBRA\u0106 CI\u0118 Z DWORCA<\/h2>\n\r\n\r\n\r\n<\/div>[vc_empty_space height=&#8221;64px&#8221;][\/vc_column][\/vc_row]<\/p>\n<\/div>","protected":false},"excerpt":{"rendered":"<p>[vc_row full_width=&#8221;stretch_row&#8221; row_padding_bottom=&#8221;padding_bottom_none&#8221;][vc_column width=&#8221;1\/2&#8243;][vc_gmaps link=&#8221;#E-8_JTNDaWZyYW1lJTIwc3JjJTNEJTIyaHR0cHMlM0ElMkYlMkZ3d3cuZ29vZ2xlLmNvbSUyRm1hcHMlMkZlbWJlZCUzRnBiJTNEJTIxMW0xOCUyMTFtMTIlMjExbTMlMjExZDg2MzEuMDQ4NzgxNDE0NzU2JTIxMmQxNy41Nzk4MDA1ODY3MjQyMTglMjEzZDU0Ljc1MTIxMzM2NDIyNTg3JTIxMm0zJTIxMWYwJTIxMmYwJTIxM2YwJTIxM20yJTIxMWkxMDI0JTIxMmk3NjglMjE0ZjEzLjElMjEzbTMlMjExbTIlMjExczB4NDZmZTc4MjZiZTU0NGIxZiUyNTNBMHg4MzkxNWU4NzllMzEyODEyJTIxMnNQb2tvamUlMjUyMEdvJTI1QzUlMjU5QmNpbm5lJTI1MjBFbHdpcmElMjE1ZTAlMjEzbTIlMjExc2VuJTIxMnNkZSUyMTR2MTY5MDI5MzUyODQ3MiUyMTVtMiUyMTFzZW4lMjEyc2RlJTIyJTIwd2lkdGglM0QlMjI2MDAlMjIlMjBoZWlnaHQlM0QlMjI0NTAlMjIlMjBzdHlsZSUzRCUyMmJvcmRlciUzQTAlM0IlMjIlMjBhbGxvd2Z1bGxzY3JlZW4lM0QlMjIlMjIlMjBsb2FkaW5nJTNEJTIybGF6eSUyMiUyMHJlZmVycmVycG9saWN5JTNEJTIybm8tcmVmZXJyZXItd2hlbi1kb3duZ3JhZGUlMjIlM0UlM0MlMkZpZnJhbWUlM0U=&#8221; css=&#8221;.vc_custom_1690294051632{border-radius: 2px !important;}&#8221;][\/vc_column][vc_column width=&#8221;1\/2&#8243;][vc_empty_space height=&#8221;175px&#8221;][vc_column_text]Do \u0141eby mo\u017cna dojecha\u0107 w\u0142asnym \u015brodkiem transportu lub \u015brodkami komunikacji publicznej. W okresie letnim uruchamiane zostaj\u0105 dodatkowe bezpo\u015brednie po\u0142\u0105czenia autobusowe i kolejowe z wi\u0119kszo\u015bci region\u00f3w Polski. Jednak najpewniejszym i najwygodniejszym rozwi\u0105zaniem pozostaj\u0105 zawsze w\u0142asne \u201ecztery k\u00f3\u0142ka\u201d.[\/vc_column_text][\/vc_column][\/vc_row][vc_row full_width=&#8221;stretch_row&#8221; row_padding_top=&#8221;padding_top_1-3&#8243;][vc_column width=&#8221;1\/3&#8243;][\/vc_column][vc_column width=&#8221;1\/3&#8243;][\/vc_column][vc_column width=&#8221;1\/3&#8243;][\/vc_column][\/vc_row][vc_row full_width=&#8221;stretch_row&#8221; content_placement=&#8221;middle&#8221; color_set=&#8221;white_section&#8221; row_padding_top=&#8221;padding_top_none&#8221; row_padding_bottom=&#8221;padding_bottom_none&#8221;][vc_column [&hellip;]<\/p>\n","protected":false},"author":1,"featured_media":456,"parent":0,"menu_order":0,"comment_status":"closed","ping_status":"closed","template":"","meta":{"footnotes":""},"class_list":["post-371","page","type-page","status-publish","has-post-thumbnail","hentry"],"_links":{"self":[{"href":"https:\/\/www.leba-pokoje.eu\/index.php\/wp-json\/wp\/v2\/pages\/371","targetHints":{"allow":["GET"]}}],"collection":[{"href":"https:\/\/www.leba-pokoje.eu\/index.php\/wp-json\/wp\/v2\/pages"}],"about":[{"href":"https:\/\/www.leba-pokoje.eu\/index.php\/wp-json\/wp\/v2\/types\/page"}],"author":[{"embeddable":true,"href":"https:\/\/www.leba-pokoje.eu\/index.php\/wp-json\/wp\/v2\/users\/1"}],"replies":[{"embeddable":true,"href":"https:\/\/www.leba-pokoje.eu\/index.php\/wp-json\/wp\/v2\/comments?post=371"}],"version-history":[{"count":7,"href":"https:\/\/www.leba-pokoje.eu\/index.php\/wp-json\/wp\/v2\/pages\/371\/revisions"}],"predecessor-version":[{"id":825,"href":"https:\/\/www.leba-pokoje.eu\/index.php\/wp-json\/wp\/v2\/pages\/371\/revisions\/825"}],"wp:featuredmedia":[{"embeddable":true,"href":"https:\/\/www.leba-pokoje.eu\/index.php\/wp-json\/wp\/v2\/media\/456"}],"wp:attachment":[{"href":"https:\/\/www.leba-pokoje.eu\/index.php\/wp-json\/wp\/v2\/media?parent=371"}],"curies":[{"name":"wp","href":"https:\/\/api.w.org\/{rel}","templated":true}]}}