{"id":6,"date":"2018-03-27T08:09:20","date_gmt":"2018-03-27T08:09:20","guid":{"rendered":"https:\/\/plethorathemes.com\/hotel-xenia\/city-hotel\/?page_id=6"},"modified":"2024-05-09T07:10:36","modified_gmt":"2024-05-09T07:10:36","slug":"home","status":"publish","type":"page","link":"https:\/\/www.leba-pokoje.eu\/","title":{"rendered":"Po\u0142o\u017cenie"},"content":{"rendered":"<div class=\"wpb-content-wrapper\"><p>[vc_row][vc_column][vc_empty_space height=&#8221;0&#8243;][\/vc_column][\/vc_row][vc_row full_width=&#8221;stretch_row_content_no_spaces&#8221; content_placement=&#8221;middle&#8221; row_padding_top=&#8221;padding_top_none&#8221; row_padding_bottom=&#8221;padding_bottom_none&#8221;][vc_column width=&#8221;1\/2&#8243; css=&#8221;.vc_custom_1690272539658{background-image: url(https:\/\/www.leba-pokoje.eu\/wp-content\/uploads\/2023\/07\/D1.jpg?id=668) !important;background-position: center !important;background-repeat: no-repeat !important;background-size: cover !important;}&#8221; offset=&#8221;vc_col-lg-8 vc_col-md-7&#8243;][vc_empty_space][vc_empty_space height=&#8221;350px&#8221;][vc_empty_space height=&#8221;350px&#8221;][\/vc_column][vc_column width=&#8221;1\/2&#8243; color_set=&#8221;white_section&#8221; boxed=&#8221;boxed_plus&#8221; offset=&#8221;vc_col-lg-4 vc_col-md-5&#8243; el_class=&#8221;col-lg-pull-1&#8243;]<div class=\"heading_group_sc wpb_content_element subtitle_top    text-left\">\r\n\r\n        <span class=\"subtitle\">KONTAKT Z NATUR\u0104<\/span>\r\n\r\n    <h3 style=\"text-align: left;\"><span style=\"color: #000000;\">KAMERALNA ATMOSFERA<\/span><\/h3>\n\r\n\r\n\r\n<\/div>[vc_column_text]<\/p>\n<p style=\"text-align: left;\">Szukasz idealnego miejsca na letnie wakacje, gdzie mo\u017cesz cieszy\u0107 si\u0119 spokojem i blisko\u015bci\u0105 natury? Mamy dla Ciebie idealne rozwi\u0105zanie! Zapraszamy Ci\u0119 do naszego przytulnego Domu Go\u015bcinnego Elwira.\u00a0W naszym obiekcie mog\u0105 Pa\u0144stwo skorzysta\u0107 ze wspania\u0142ego wypoczynku w kameralnej atmosferze, z dala od zgie\u0142ku, gdy\u017c \u0141eba Now\u0119cin po\u0142o\u017cona jest mi\u0119dzy lasem a Jeziorem Sarbskim co umo\u017cliwia relax i poczucie blisko\u015bci z natur\u0105.<\/p>\n<p>[\/vc_column_text]<div class=\"plethora_button wpb_content_element   text-left \">\r\n    <a href=\"https:\/\/leba.webcamera.pl\" class=\" btn btn-default  \" title=\"\"  target=\"_blank\">\r\n\r\n        \r\n        \u0141EBA NA \u017bYWO\r\n        \r\n\r\n    <\/a>\r\n<\/div>[\/vc_column][\/vc_row][vc_row full_width=&#8221;stretch_row_content_no_spaces&#8221; content_placement=&#8221;middle&#8221; row_padding_top=&#8221;padding_top_none&#8221; row_padding_bottom=&#8221;padding_bottom_none&#8221;][vc_column width=&#8221;1\/2&#8243; color_set=&#8221;white_section&#8221; boxed=&#8221;boxed_plus&#8221; offset=&#8221;vc_col-lg-8 vc_col-md-7&#8243; el_class=&#8221;col-sm-push-6 col-md-push-5 col-lg-push-4&#8243; css=&#8221;.vc_custom_1690273083865{background-image: url(https:\/\/www.leba-pokoje.eu\/wp-content\/uploads\/2023\/07\/sand-937387_1920.jpg?id=617) !important;background-position: center !important;background-repeat: no-repeat !important;background-size: cover !important;}&#8221;][vc_empty_space height=&#8221;350px&#8221; el_class=&#8221;hidden-xs&#8221;][vc_empty_space height=&#8221;350px&#8221;][\/vc_column][vc_column width=&#8221;1\/2&#8243; color_set=&#8221;white_section&#8221; boxed=&#8221;boxed_plus&#8221; el_class=&#8221;col-sm-pull-6 col-md-pull-7 col-lg-pull-7&#8243; offset=&#8221;vc_col-lg-4 vc_col-md-5&#8243;]<div class=\"heading_group_sc wpb_content_element subtitle_top    text-right\">\r\n\r\n        <span class=\"subtitle\">OD NAS JU\u017b TYLKO KROK DO CELU<\/span>\r\n\r\n    <h3><span style=\"color: #000000;\">Z\u0141OCISTE PLA\u017bE BA\u0141TYKU<\/span><\/h3>\n\r\n\r\n\r\n<\/div>[vc_column_text]<\/p>\n<p style=\"text-align: right;\">Niewielka odleg\u0142o\u015b\u0107 do z\u0142ocistych i szerokich pla\u017c Ba\u0142tyku stanowi kolejny atut Now\u0119cina. \u0141eba Now\u0119cin oferuje Pa\u0144stwu r\u00f3wnie\u017c mo\u017cliwo\u015b\u0107 aktywnego sp\u0119dzania czasu, korzystaj\u0105c z jazdy konnej, szlak\u00f3w rowerowych b\u0105d\u017a spacer\u00f3w w\u015br\u00f3d otaczaj\u0105cej go przyrody.<\/p>\n<p>[\/vc_column_text]<div class=\"plethora_button wpb_content_element   text-right \">\r\n    <a href=\"https:\/\/leba.eu\/pl\/o-lebie\/mapy\/\" class=\" btn btn-default  \" title=\"\"  target=\"_blank\">\r\n\r\n        \r\n        PLAN MIASTA\r\n        \r\n\r\n    <\/a>\r\n<\/div>[\/vc_column][\/vc_row][vc_row full_width=&#8221;stretch_row_content_no_spaces&#8221; content_placement=&#8221;middle&#8221; row_padding_top=&#8221;padding_top_none&#8221; row_padding_bottom=&#8221;padding_bottom_none&#8221;][vc_column width=&#8221;1\/2&#8243; offset=&#8221;vc_col-lg-8 vc_col-md-7&#8243; css=&#8221;.vc_custom_1690273281222{background-image: url(https:\/\/www.leba-pokoje.eu\/wp-content\/uploads\/2023\/07\/windsurfing-2298647_1280.jpg?id=626) !important;background-position: center !important;background-repeat: no-repeat !important;background-size: cover !important;}&#8221;][vc_empty_space height=&#8221;350px&#8221; el_class=&#8221;hidden-xs&#8221;][vc_empty_space height=&#8221;350px&#8221;][\/vc_column][vc_column width=&#8221;1\/2&#8243; color_set=&#8221;white_section&#8221; boxed=&#8221;boxed_plus&#8221; offset=&#8221;vc_col-lg-4 vc_col-md-5&#8243; el_class=&#8221;col-lg-pull-1&#8243;]<div class=\"heading_group_sc wpb_content_element subtitle_top    text-left\">\r\n\r\n        <span class=\"subtitle\">SPORTY WODNE<\/span>\r\n\r\n    <h3 style=\"text-align: left;\"><span style=\"color: #000000;\">AKTYWNY WYPOCZYNEK<\/span><\/h3>\n\r\n\r\n\r\n<\/div>[vc_column_text]Obiekt nasz po\u0142o\u017cony jest na przedmie\u015bciach \u0141eby \u2013 jednej z najbardziej znanych miejscowo\u015bci wypoczynkowych w Polsce. Jest to idealne miejsce do uprawiania sport\u00f3w wodnych, nieopodal znajduje si\u0119 S\u0142owi\u0144ski Park Narodowy oraz pi\u0119kne ruchome wydmy.[\/vc_column_text]<div class=\"plethora_button wpb_content_element   text-left \">\r\n    <a href=\"https:\/\/leba.eu\/pl\/dla-turysty\/\" class=\" btn btn-primary  \" title=\"\"  target=\"_blank\">\r\n\r\n        \r\n        DLA TURYSTY\r\n        \r\n\r\n    <\/a>\r\n<\/div>[\/vc_column][\/vc_row][vc_row full_width=&#8221;stretch_row_content_no_spaces&#8221; content_placement=&#8221;middle&#8221; row_padding_top=&#8221;padding_top_none&#8221; row_padding_bottom=&#8221;padding_bottom_none&#8221;][vc_column width=&#8221;1\/2&#8243; color_set=&#8221;white_section&#8221; boxed=&#8221;boxed_plus&#8221; offset=&#8221;vc_col-lg-8 vc_col-md-7&#8243; el_class=&#8221;col-sm-push-6 col-md-push-5 col-lg-push-4&#8243; css=&#8221;.vc_custom_1690274111160{background-image: url(https:\/\/www.leba-pokoje.eu\/wp-content\/uploads\/2023\/07\/AdobeStock_217004932-scaled.jpeg?id=786) !important;background-position: center !important;background-repeat: no-repeat !important;background-size: cover !important;}&#8221;][vc_empty_space height=&#8221;350px&#8221; el_class=&#8221;hidden-xs&#8221;][vc_empty_space height=&#8221;350px&#8221;][\/vc_column][vc_column width=&#8221;1\/2&#8243; color_set=&#8221;white_section&#8221; boxed=&#8221;boxed_plus&#8221; el_class=&#8221;col-sm-pull-6 col-md-pull-7 col-lg-pull-7&#8243; offset=&#8221;vc_col-lg-4 vc_col-md-5&#8243;]<div class=\"heading_group_sc wpb_content_element subtitle_top    text-right\">\r\n\r\n        <span class=\"subtitle\">LICZBY M\u00d3WI\u0104 ZA SIEBIE<\/span>\r\n\r\n    <h3><span style=\"color: #000000;\">KORZYSTNA LOKALIZACJA<\/span><\/h3>\n\r\n\r\n\r\n<\/div>[vc_column_text]<\/p>\n<p style=\"text-align: right;\">Dzi\u0119ki naszemu strategicznemu po\u0142o\u017ceniu, nasi Go\u015bcie mog\u0105 cieszy\u0107 si\u0119 spokojem i cisz\u0105, z dala od zgie\u0142ku nadmorskich deptak\u00f3w, a jednocze\u015bnie maj\u0105 \u0142atwy dost\u0119p do urok\u00f3w nadmorskiego \u017cycia. Blisko\u015b\u0107 morza sprawia, \u017ce ka\u017cdy dzie\u0144 mo\u017ce rozpocz\u0105\u0107 si\u0119 od relaksuj\u0105cego spaceru po pla\u017cy lub orze\u017awiaj\u0105cej k\u0105pieli w Ba\u0142tyku.<\/p>\n<p style=\"text-align: right;\">Dodatkowo, nasz obiekt znajduje si\u0119 w pobli\u017cu licznych atrakcji turystycznych, takich jak S\u0142owi\u0144ski Park Narodowy, Park \u0141eba, co sprawia, \u017ce nasza lokalizacja jest doskona\u0142ym punktem wyj\u015bcia do zwiedzania okolicy.<\/p>\n<p>[\/vc_column_text][vc_column_text]<\/p>\n<p style=\"text-align: right;\"><strong>Odleg\u0142o\u015bci w liczbach:<\/strong><\/p>\n<p style=\"text-align: right;\">25 minut pieszo do pla\u017cy<br \/>\n20 minut pieszo do \u0141eba Park<br \/>\n500 metr\u00f3w do stadnin koni<br \/>\n500 metr\u00f3w do Jeziora Sarbsko<br \/>\n100-200 metr\u00f3w do najbli\u017cszych sklep\u00f3w<br \/>\n25 minut pieszo do centrum turystycznego \u0141eby<br \/>\n100-200 metr\u00f3w do najbli\u017cszej gastronomii<\/p>\n<p>[\/vc_column_text]<div class=\"plethora_button wpb_content_element   text-right \">\r\n    <a href=\"https:\/\/leba.eu\/pl\/dla-turysty\/mapa-atrakcji-turystycznych\/\" class=\" btn btn-default  \" title=\"\"  target=\"_blank\">\r\n\r\n        \r\n        MAPA ATRAKCJI\r\n        \r\n\r\n    <\/a>\r\n<\/div>[\/vc_column][\/vc_row][vc_row full_width=&#8221;stretch_row_content_no_spaces&#8221; content_placement=&#8221;middle&#8221; row_padding_top=&#8221;padding_top_none&#8221; row_padding_bottom=&#8221;padding_bottom_none&#8221;][vc_column width=&#8221;1\/2&#8243; offset=&#8221;vc_col-lg-8 vc_col-md-7&#8243; css=&#8221;.vc_custom_1690283285324{background-position: center !important;background-repeat: no-repeat !important;background-size: cover !important;}&#8221;][vc_video link=&#8221;https:\/\/www.youtube.com\/watch?v=DmS5hBTls3Y&#8221; css=&#8221;.vc_custom_1690283457933{background-position: center !important;background-repeat: no-repeat !important;background-size: cover !important;}&#8221;][\/vc_column][vc_column width=&#8221;1\/2&#8243; color_set=&#8221;white_section&#8221; boxed=&#8221;boxed_plus&#8221; offset=&#8221;vc_col-lg-4 vc_col-md-5&#8243; el_class=&#8221;col-lg-pull-1&#8243;]<div class=\"heading_group_sc wpb_content_element subtitle_top    text-left\">\r\n\r\n        <span class=\"subtitle\">660 LECIE MIASTA \u0141EBA<\/span>\r\n\r\n    <h3 style=\"text-align: left;\"><span style=\"color: #000000;\">\u0141EBA W OBIEKTYWIE<\/span><\/h3>\n\r\n\r\n\r\n<\/div>[vc_column_text]Kochani mieszka\u0144cy, tury\u015bci oraz wielbiciele naszego pi\u0119knego miasta. Mamy zaszczyt zaprezentowa\u0107 Wam nowy\u00a0<a href=\"https:\/\/www.youtube.com\/embed\/DmS5hBTls3Y?vq=hd1080&amp;wmode=opaque&amp;showinfo=0&amp;rel=0&amp;autoplay=1&amp;loop=1&amp;controls=0\">Film Promocyjny Miasta \u0141eby<\/a>, kt\u00f3rym b\u0119dziemy promowa\u0107 si\u0119 w\u00a0ci\u0105gu najbli\u017cszych lat. Film powsta\u0142 z\u00a0okazji 660 lecia miasta \u0141eby, dzi\u0119ki wsparciu Komisji ds. Rozwi\u0105zywania Problem\u00f3w Alkoholowych oraz wielu innym osobom, kt\u00f3re z\u00a0wielk\u0105 \u017cyczliwo\u015bci\u0105 nam pomaga\u0142y w\u00a0jego produkcji. Pracowali\u015bmy nad jego powstaniem przez wiele miesi\u0119cy. No i\u00a0si\u0119 uda\u0142o! Kosztowa\u0142o nas to wiele pracy, potu, a\u00a0czasem \u0142ez. Dzi\u0119kujemy r\u00f3wnie\u017c firmie NOWAKFILM \u2013 Kamil Nowak, za pe\u0142en profesjonalizm w\u00a0czasie jego realizacji.[\/vc_column_text]<div class=\"plethora_button wpb_content_element   text-left \">\r\n    <a href=\"https:\/\/leba.eu\/pl\/wp-content\/uploads\/2023\/04\/ATRAKCJE_LEBA_2023.pdf\" class=\" btn btn-primary  \" title=\"\"  target=\"_blank\">\r\n\r\n        \r\n        ATRAKCJE 2023\r\n        \r\n\r\n    <\/a>\r\n<\/div>[\/vc_column][\/vc_row][vc_row][vc_column offset=&#8221;vc_col-md-offset-2 vc_col-md-8 vc_col-sm-offset-0&#8243;]<div class=\"heading_group_sc wpb_content_element subtitle_top    text-center\">\r\n\r\n        <span class=\"subtitle\">To nie tylko puste s\u0142owa<\/span>\r\n\r\n    <h2>MI\u0141E S\u0141OWA O NAS&#8230;<\/h2>\n\r\n\r\n\r\n        <div class=\"svg_divider\"><img decoding=\"async\" src=\"https:\/\/www.leba-pokoje.eu\/wp-content\/themes\/hotel-xenia\/templates\/shortcodes\/divider.png\"><\/div>\r\n<\/div><div class=\"ple_anypostloop_shortcode wpb_content_element text-center \"><div id=\"slider_5b152cdabdb1c\" class=\"testimonials_slider_classic_wrapper \">   \r\n    <div class=\"testimonials_list_item \">\r\n    \t<div class=\"row\">\r\n\t        <div class=\"col-sm-12\">\r\n\t\t        <div class=\"testimonials_list_text\">\r\n\t\t            <h4>Pokoje zadbane,czyste i przytulne.<\/h4>\r\n\t\t            <div class=\"testimonials_list_text_editor\"><p>Witam. Bardzo polecam pokoje go\u015bcinne Elwira. Pokoje zadbane,czyste i przytulne. Wok\u00f3\u0142 domku du\u017co zieleni kwiat\u00f3w zabawy dla dzieci i miejsca na grilowanie . W\u0142a\u015bciciele bardzo sympatyczni i pomocni . Wczoraj wr\u00f3cili\u015bmy z wakacji i ja wraz z dzie\u0107mi jeste\u015bmy zadowoleni z pobytu i mamy nadziej\u0119, \u017ce powr\u00f3cimy do tego miejsca ale teraz razem z Partnerem. Pozdrawiamy<\/p>\n<\/div>\r\n\t\t            <span class=\"testimonial_author\">Monika Lange<\/span>\r\n\t\t            \r\n\t\t        <\/div>\r\n\t        <\/div>\r\n        <\/div>\r\n    <\/div>\r\n    <div class=\"testimonials_list_item \">\r\n    \t<div class=\"row\">\r\n\t        <div class=\"col-sm-12\">\r\n\t\t        <div class=\"testimonials_list_text\">\r\n\t\t            <h4>Mi\u0142o, sympatycznie, tanio.<\/h4>\r\n\t\t            <div class=\"testimonials_list_text_editor\"><p>Mi\u0142o, sympatycznie, tanio. Pokoje czyste i zadbane, jest gdzie posiedzie\u0107 po pla\u017cowaniu, zrobi\u0107 grilla, pogra\u0107 w lotki itp. Pani Elwira jak i jej m\u0105\u017c przesympatyczne osoby.<\/p>\n<\/div>\r\n\t\t            <span class=\"testimonial_author\">Adam Zborowski<\/span>\r\n\t\t            \r\n\t\t        <\/div>\r\n\t        <\/div>\r\n        <\/div>\r\n    <\/div>\r\n    <div class=\"testimonials_list_item \">\r\n    \t<div class=\"row\">\r\n\t        <div class=\"col-sm-12\">\r\n\t\t        <div class=\"testimonials_list_text\">\r\n\t\t            <h4>Z czystym sumieniem polecam&#8230;<\/h4>\r\n\t\t            <div class=\"testimonials_list_text_editor\"><p>Z czystym sumieniem polecam, czysto, pachn\u0105co, dost\u0119p do wszystkiego co potrzebne na codzie\u0144. Niska cena i przede wszystkim domowa atmosfera, kt\u00f3ra powoduje niech\u0119\u0107 powrotu. W\u0142a\u015bciciele przemili Pa\u0144stwo!&#8230;<\/p>\n<\/div>\r\n\t\t            <span class=\"testimonial_author\">Roksana K\u0105kol<\/span>\r\n\t\t            \r\n\t\t        <\/div>\r\n\t        <\/div>\r\n        <\/div>\r\n    <\/div>\r\n    <div class=\"testimonials_list_item \">\r\n    \t<div class=\"row\">\r\n\t        <div class=\"col-sm-12\">\r\n\t\t        <div class=\"testimonials_list_text\">\r\n\t\t            <h4>Jestem zadowolony i za rok tu wr\u00f3c\u0119 na 100%.<\/h4>\r\n\t\t            <div class=\"testimonials_list_text_editor\"><p>Hotel jak dla mnie na 5 .W\u0142a\u015bciciele jak najbardziej na plus . Cena noclegu bardzo niska bior\u0105c pod uwag\u0119 dost\u0119p do internetu i telewizji . Pokoje wysprz\u0105tane, pachn\u0105ce i to samo mog\u0119 powiedzie\u0107 o \u0142azienkach. Jestem zadowolony i za rok tu wr\u00f3c\u0119 na 100%.<\/p>\n<\/div>\r\n\t\t            <span class=\"testimonial_author\">Micha\u0142 Gbur<\/span>\r\n\t\t            \r\n\t\t        <\/div>\r\n\t        <\/div>\r\n        <\/div>\r\n    <\/div>\r\n    <div class=\"testimonials_list_item \">\r\n    \t<div class=\"row\">\r\n\t        <div class=\"col-sm-12\">\r\n\t\t        <div class=\"testimonials_list_text\">\r\n\t\t            <h4>Cisza i spok\u00f3j.<\/h4>\r\n\t\t            <div class=\"testimonials_list_text_editor\"><p>Wspaniale miejsce na wypoczynek. Cisza i spokoj. Mila atmosfera. Wlasciciele to bardzo mili ludzie. Szczerze polecam.<\/p>\n<\/div>\r\n\t\t            <span class=\"testimonial_author\">Romana Sawicka<\/span>\r\n\t\t            \r\n\t\t        <\/div>\r\n\t        <\/div>\r\n        <\/div>\r\n    <\/div>\r\n    <div class=\"testimonials_list_item \">\r\n    \t<div class=\"row\">\r\n\t        <div class=\"col-sm-12\">\r\n\t\t        <div class=\"testimonials_list_text\">\r\n\t\t            <h4>Jest tu czysto, mi\u0142o, atmosfera domowa, \u017ce nie chce si\u0119 wraca\u0107 do domu.<\/h4>\r\n\t\t            <div class=\"testimonials_list_text_editor\"><p>W\u0142a\u015bnie wr\u00f3cili\u015bmy z urlopu.<br \/>\nZ czystym sumieniem mog\u0119 poleci\u0107 ten pensjonat. Jest tu czysto, mi\u0142o, atmosfera domowa, \u017ce nie chce si\u0119 wraca\u0107 do domu. W\u0142a\u015bciciele bardzo sympatyczni, dbaj\u0105 aby ka\u017cdy kto u nich mieszka mia\u0142 spok\u00f3j i m\u00f3g\u0142 wypocz\u0105\u0107. Serdecznie pozdrawiam i mam nadziej\u0119 do zobaczenia w przysz\u0142ym roku.<\/p>\n<\/div>\r\n\t\t            <span class=\"testimonial_author\">Beata Owczarek<\/span>\r\n\t\t            \r\n\t\t        <\/div>\r\n\t        <\/div>\r\n        <\/div>\r\n    <\/div>\r\n<\/div><\/div>[\/vc_column][\/vc_row]<\/p>\n<\/div>","protected":false},"excerpt":{"rendered":"<p>[vc_row][vc_column][vc_empty_space height=&#8221;0&#8243;][\/vc_column][\/vc_row][vc_row full_width=&#8221;stretch_row_content_no_spaces&#8221; content_placement=&#8221;middle&#8221; row_padding_top=&#8221;padding_top_none&#8221; row_padding_bottom=&#8221;padding_bottom_none&#8221;][vc_column width=&#8221;1\/2&#8243; css=&#8221;.vc_custom_1690272539658{background-image: url(https:\/\/www.leba-pokoje.eu\/wp-content\/uploads\/2023\/07\/D1.jpg?id=668) !important;background-position: center !important;background-repeat: no-repeat !important;background-size: cover !important;}&#8221; offset=&#8221;vc_col-lg-8 vc_col-md-7&#8243;][vc_empty_space][vc_empty_space height=&#8221;350px&#8221;][vc_empty_space height=&#8221;350px&#8221;][\/vc_column][vc_column width=&#8221;1\/2&#8243; color_set=&#8221;white_section&#8221; boxed=&#8221;boxed_plus&#8221; offset=&#8221;vc_col-lg-4 vc_col-md-5&#8243; el_class=&#8221;col-lg-pull-1&#8243;][vc_column_text] Szukasz idealnego miejsca na letnie wakacje, gdzie mo\u017cesz cieszy\u0107 si\u0119 spokojem i blisko\u015bci\u0105 natury? Mamy dla Ciebie idealne rozwi\u0105zanie! Zapraszamy Ci\u0119 do naszego przytulnego Domu Go\u015bcinnego Elwira.\u00a0W naszym obiekcie [&hellip;]<\/p>\n","protected":false},"author":1,"featured_media":0,"parent":0,"menu_order":0,"comment_status":"closed","ping_status":"closed","template":"","meta":{"footnotes":""},"class_list":["post-6","page","type-page","status-publish","hentry"],"_links":{"self":[{"href":"https:\/\/www.leba-pokoje.eu\/index.php\/wp-json\/wp\/v2\/pages\/6","targetHints":{"allow":["GET"]}}],"collection":[{"href":"https:\/\/www.leba-pokoje.eu\/index.php\/wp-json\/wp\/v2\/pages"}],"about":[{"href":"https:\/\/www.leba-pokoje.eu\/index.php\/wp-json\/wp\/v2\/types\/page"}],"author":[{"embeddable":true,"href":"https:\/\/www.leba-pokoje.eu\/index.php\/wp-json\/wp\/v2\/users\/1"}],"replies":[{"embeddable":true,"href":"https:\/\/www.leba-pokoje.eu\/index.php\/wp-json\/wp\/v2\/comments?post=6"}],"version-history":[{"count":55,"href":"https:\/\/www.leba-pokoje.eu\/index.php\/wp-json\/wp\/v2\/pages\/6\/revisions"}],"predecessor-version":[{"id":883,"href":"https:\/\/www.leba-pokoje.eu\/index.php\/wp-json\/wp\/v2\/pages\/6\/revisions\/883"}],"wp:attachment":[{"href":"https:\/\/www.leba-pokoje.eu\/index.php\/wp-json\/wp\/v2\/media?parent=6"}],"curies":[{"name":"wp","href":"https:\/\/api.w.org\/{rel}","templated":true}]}}